{"id":327,"date":"2026-02-01T00:13:20","date_gmt":"2026-01-31T23:13:20","guid":{"rendered":"https:\/\/www.riedblick-bodensee.de\/?page_id=327"},"modified":"2026-02-01T00:20:09","modified_gmt":"2026-01-31T23:20:09","slug":"327-2","status":"publish","type":"page","link":"https:\/\/www.riedblick-bodensee.de\/","title":{"rendered":""},"content":{"rendered":"\n<div class=\"wp-block-cover has-parallax\"><div class=\"wp-block-cover__image-background wp-image-22 size-full has-parallax\" style=\"background-position:50% 50%;background-image:url(https:\/\/www.riedblick-bodensee.de\/wp-content\/uploads\/2024\/08\/b2614804-b147-4765-8a12-197a9c8b9142.jpg)\"><\/div><span aria-hidden=\"true\" class=\"wp-block-cover__background has-background-dim\"><\/span><div class=\"wp-block-cover__inner-container is-layout-flow wp-block-cover-is-layout-flow\">\n<p class=\"has-text-align-center has-large-font-size\"><strong>Willkommen bei Riedblick Bodensee<\/strong><\/p>\n\n\n\n<h5 class=\"wp-block-heading has-text-align-center has-palette-color-8-color has-text-color has-link-color wp-elements-e9c5010a91e2bb3760391f9fd6234029\">Ihr perfekter Ort f\u00fcr Erholung und Naturerlebnisse<\/h5>\n\n\n\n<p class=\"has-text-align-center has-medium-font-size\">Entdecken Sie unsere exklusive Ferienwohnung im Riedblick am Bodensee und genie\u00dfen Sie unvergleichliche Ausblicke und erholsame Momente inmitten der Natur.<\/p>\n<\/div><\/div>\n\n\n\n<div class=\"wp-block-columns is-layout-flex wp-container-core-columns-is-layout-28f84493 wp-block-columns-is-layout-flex\">\n<div class=\"wp-block-column is-layout-flow wp-block-column-is-layout-flow\" style=\"flex-basis:100%\">\n<div class=\"wp-block-media-text is-image-fill-element\" style=\"grid-template-columns:38% auto\"><figure class=\"wp-block-media-text__media\"><img loading=\"lazy\" decoding=\"async\" width=\"768\" height=\"1024\" src=\"https:\/\/www.riedblick-bodensee.de\/wp-content\/uploads\/2024\/08\/IMG_20240315_142833-1-768x1024.jpg\" alt=\"\" class=\"wp-image-39 size-full\" style=\"object-position:50% 50%\" srcset=\"https:\/\/www.riedblick-bodensee.de\/wp-content\/uploads\/2024\/08\/IMG_20240315_142833-1-768x1024.jpg 768w, https:\/\/www.riedblick-bodensee.de\/wp-content\/uploads\/2024\/08\/IMG_20240315_142833-1-225x300.jpg 225w, https:\/\/www.riedblick-bodensee.de\/wp-content\/uploads\/2024\/08\/IMG_20240315_142833-1-1152x1536.jpg 1152w, https:\/\/www.riedblick-bodensee.de\/wp-content\/uploads\/2024\/08\/IMG_20240315_142833-1-1536x2048.jpg 1536w, https:\/\/www.riedblick-bodensee.de\/wp-content\/uploads\/2024\/08\/IMG_20240315_142833-1-scaled.jpg 1920w\" sizes=\"auto, (max-width: 768px) 100vw, 768px\" \/><\/figure><div class=\"wp-block-media-text__content\">\n<h3 class=\"wp-block-heading\">Exklusive Urlaubsimmobilie am Riedblick Bodensee<\/h3>\n\n\n\n<h4 class=\"wp-block-heading\">Erleben Sie pure Entspannung und Naturverbundenheit<\/h4>\n\n\n\n<p>Sehr sch\u00f6ne neu errichtete Ferienwohnung mit Blick s\u00fcdlich ins Salemer Tal und n\u00f6rdlich auf Schloss Heiligenberg. Ein Exkurs, seine Seele baumeln zu lassen oder aber mit dem Rad die Natur rund um den Bodensee zu erforschen.<\/p>\n\n\n\n<p>Erleben Sie unvergessliche Momente und unbeschwerte Urlaubstage an einem ruhigen l\u00e4ndlichen Ort.<\/p>\n\n\n\n<h4 class=\"wp-block-heading\">Panoramablick \u00fcber das Ried ins Salemer Tal<\/h4>\n\n\n\n<p>Genie\u00dfen Sie atemberaubende Aussichten auf die malerische Landschaft des Rieds und lassen Sie Ihren Blick \u00fcber die Weite schweifen.<\/p>\n\n\n\n<h4 class=\"wp-block-heading\"><\/h4>\n<\/div><\/div>\n<\/div>\n<\/div>\n\n\n\n<div class=\"wp-block-media-text has-media-on-the-right is-stacked-on-mobile is-image-fill-element\" style=\"grid-template-columns:auto 40%\"><div class=\"wp-block-media-text__content\">\n<h4 class=\"wp-block-heading\">Naturerlebnisse am Bodensee<\/h4>\n\n\n\n<p>Entdecken Sie die vielf\u00e4ltige Natur rund um den Bodensee und tauchen Sie ein in eine Welt voller Sch\u00f6nheit und Entdeckungen.<\/p>\n\n\n\n<h4 class=\"wp-block-heading\">Erholung pur<\/h4>\n\n\n\n<p>Packen Sie Ihre Badetasche ein und genie\u00dfen Sie das sch\u00f6ne Naturerlebnisbad unseres Ortes. Im inliegenden&nbsp;<a target=\"_blank\" href=\"https:\/\/www.naturbad-leustetten.de\/\" rel=\"noreferrer noopener\">Restaurant \u201eZugvogel\u201c<\/a>&nbsp;kommen auch hungrige Badeg\u00e4ste auf ihre Kosten.<\/p>\n\n\n\n<p>Heute bleibt die K\u00fcche kalt: wir gehen in den&nbsp;<a target=\"_blank\" href=\"https:\/\/www.dorfgasthauszumloewen.de\/\" rel=\"noreferrer noopener\">Dorfgasthof \u201eL\u00f6wen\u201c<\/a>. Bei Familie Sauter werden Sie als Gast herzlich aufgenommen und kulinarisch verw\u00f6hnt.&nbsp;<\/p>\n\n\n\n<p>Im Ort gibt es eine Tankstelle als auch ein Getr\u00e4nkemarkt.<\/p>\n\n\n\n<p>Aktivit\u00e4ten f\u00fcr jeden Geschmack<\/p>\n<\/div><figure class=\"wp-block-media-text__media\"><img loading=\"lazy\" decoding=\"async\" width=\"768\" height=\"1024\" src=\"https:\/\/www.riedblick-bodensee.de\/wp-content\/uploads\/2024\/08\/IMG_20240315_142726-1-768x1024.jpg\" alt=\"\" class=\"wp-image-36 size-full\" style=\"object-position:50% 50%\" srcset=\"https:\/\/www.riedblick-bodensee.de\/wp-content\/uploads\/2024\/08\/IMG_20240315_142726-1-768x1024.jpg 768w, https:\/\/www.riedblick-bodensee.de\/wp-content\/uploads\/2024\/08\/IMG_20240315_142726-1-225x300.jpg 225w, https:\/\/www.riedblick-bodensee.de\/wp-content\/uploads\/2024\/08\/IMG_20240315_142726-1-1152x1536.jpg 1152w, https:\/\/www.riedblick-bodensee.de\/wp-content\/uploads\/2024\/08\/IMG_20240315_142726-1-1536x2048.jpg 1536w, https:\/\/www.riedblick-bodensee.de\/wp-content\/uploads\/2024\/08\/IMG_20240315_142726-1-scaled.jpg 1920w\" sizes=\"auto, (max-width: 768px) 100vw, 768px\" \/><\/figure><\/div>\n\n\n\n<figure class=\"wp-block-image size-full is-style-default\"><img loading=\"lazy\" decoding=\"async\" width=\"1920\" height=\"2560\" src=\"https:\/\/www.riedblick-bodensee.de\/wp-content\/uploads\/2024\/09\/ba05781e-8c35-4303-bd8f-2a4639943c92-scaled.jpeg\" alt=\"\" class=\"wp-image-221\" style=\"aspect-ratio:16\/9;object-fit:cover\" srcset=\"https:\/\/www.riedblick-bodensee.de\/wp-content\/uploads\/2024\/09\/ba05781e-8c35-4303-bd8f-2a4639943c92-scaled.jpeg 1920w, https:\/\/www.riedblick-bodensee.de\/wp-content\/uploads\/2024\/09\/ba05781e-8c35-4303-bd8f-2a4639943c92-225x300.jpeg 225w, https:\/\/www.riedblick-bodensee.de\/wp-content\/uploads\/2024\/09\/ba05781e-8c35-4303-bd8f-2a4639943c92-768x1024.jpeg 768w, https:\/\/www.riedblick-bodensee.de\/wp-content\/uploads\/2024\/09\/ba05781e-8c35-4303-bd8f-2a4639943c92-1152x1536.jpeg 1152w, https:\/\/www.riedblick-bodensee.de\/wp-content\/uploads\/2024\/09\/ba05781e-8c35-4303-bd8f-2a4639943c92-1536x2048.jpeg 1536w\" sizes=\"auto, (max-width: 1920px) 100vw, 1920px\" \/><\/figure>\n\n\n\n<h5 class=\"wp-block-heading has-text-align-center\"><strong>Die Zufriedenheit unserer G\u00e4ste hat f\u00fcr uns oberste Priorit\u00e4t<\/strong><\/h5>\n\n\n\n<p><\/p>\n","protected":false},"excerpt":{"rendered":"<p>Exklusive Urlaubsimmobilie am Riedblick Bodensee<br \/>Erleben Sie pure Entspannung und Naturverbundenheit<br \/>Sehr sch\u00f6ne neu errichtete Ferienwohnung mit Blick s\u00fcdlich ins Salemer Tal und n\u00f6rdlich auf Schloss Heiligenberg. Ein Exkurs, seine Seele baumeln zu lassen oder aber mit dem Rad die Natur rund um den Bodensee zu erforschen.<br \/>Erleben Sie unvergessliche Momente und unbeschwerte Urlaubstage an einem ruhigen l\u00e4ndlichen Ort.<br \/>Panoramablick \u00fcber das Ried ins Salemer Tal<br \/>Genie\u00dfen Sie atemberaubende Aussichten auf die malerische Landschaft des Rieds und lassen Sie Ihren Blick \u00fcber die Weite schweifen.<br \/>Naturerlebnisse am Bodensee<br \/>Entdecken Sie die vielf\u00e4ltige Natur rund um den Bodensee und tauchen Sie ein in eine Welt voller Sch\u00f6nheit und Entdeckungen.<br \/>Erholung pur<br \/>Packen Sie Ihre Badetasche ein und genie\u00dfen Sie das sch\u00f6ne Naturerlebnisbad unseres Ortes. Im inliegenden\u00a0<a href=\"https:\/\/www.naturbad-leustetten.de\/\" target=\"_blank\" rel=\"noreferrer noopener\">Restaurant \u201eZugvogel\u201c<\/a>\u00a0kommen auch hungrige Badeg\u00e4ste auf ihre Kosten.<br \/>Heute bleibt die K\u00fcche kalt: wir gehen in den\u00a0<a href=\"https:\/\/www.dorfgasthauszumloewen.de\/\" target=\"_blank\" rel=\"noreferrer noopener\">Dorfgasthof \u201eL\u00f6wen\u201c<\/a>. Bei Familie Sauter werden Sie als Gast herzlich aufgenommen und kulinarisch verw\u00f6hnt.\u00a0<br \/>Im Ort gibt es eine Tankstelle als auch ein Getr\u00e4nkemarkt.<br \/>Aktivit\u00e4ten f\u00fcr jeden Geschmack<\/p>\n","protected":false},"author":1,"featured_media":0,"parent":0,"menu_order":0,"comment_status":"closed","ping_status":"closed","template":"","meta":{"footnotes":""},"class_list":["post-327","page","type-page","status-publish","hentry"],"blocksy_meta":[],"_links":{"self":[{"href":"https:\/\/www.riedblick-bodensee.de\/index.php?rest_route=\/wp\/v2\/pages\/327","targetHints":{"allow":["GET"]}}],"collection":[{"href":"https:\/\/www.riedblick-bodensee.de\/index.php?rest_route=\/wp\/v2\/pages"}],"about":[{"href":"https:\/\/www.riedblick-bodensee.de\/index.php?rest_route=\/wp\/v2\/types\/page"}],"author":[{"embeddable":true,"href":"https:\/\/www.riedblick-bodensee.de\/index.php?rest_route=\/wp\/v2\/users\/1"}],"replies":[{"embeddable":true,"href":"https:\/\/www.riedblick-bodensee.de\/index.php?rest_route=%2Fwp%2Fv2%2Fcomments&post=327"}],"version-history":[{"count":6,"href":"https:\/\/www.riedblick-bodensee.de\/index.php?rest_route=\/wp\/v2\/pages\/327\/revisions"}],"predecessor-version":[{"id":345,"href":"https:\/\/www.riedblick-bodensee.de\/index.php?rest_route=\/wp\/v2\/pages\/327\/revisions\/345"}],"wp:attachment":[{"href":"https:\/\/www.riedblick-bodensee.de\/index.php?rest_route=%2Fwp%2Fv2%2Fmedia&parent=327"}],"curies":[{"name":"wp","href":"https:\/\/api.w.org\/{rel}","templated":true}]}}